{"id":1789,"date":"2021-10-07T10:06:41","date_gmt":"2021-10-07T10:06:41","guid":{"rendered":"https:\/\/www.spacer.ro\/?page_id=1789"},"modified":"2024-08-17T13:33:14","modified_gmt":"2024-08-17T13:33:14","slug":"politica-cookies","status":"publish","type":"page","link":"https:\/\/spacer-tech.com\/en\/politica-cookies\/","title":{"rendered":"Politica privind fisierele cookies"},"content":{"rendered":"<p>Prezenta politic\u0103 privind fi\u0219ierele de tip cookies se aplic\u0103 tuturor utilizatorilor site-ului\u00a0<strong>spacer-tech.com<\/strong>, site operat de <strong>Spacer Tech<\/strong> si Ovidiu Stanescu, av\u00e2nd N.I.E: Y9976766R, \u00eenregistrat\u0103 la Registrul Comer\u021bului sub num\u0103rul de afiliere Y9976766R \u0219i av\u00e2nd sediul \u00een strada Carrer Barranc de Palomes nr.48, apt. 35, Cullera, cod postal 46400. Informa\u021biile prezentate mai jos au ca scop informarea utilizatorilor cu privire la plasarea, utilizarea \u0219i administrarea fi\u0219ierelor de tip cookie de c\u0103tre administratorii site-ului <strong>spacer-tech.com <\/strong>\u00een contextul navig\u0103rii utilizatorilor pe acest site.<\/p>\n<p><strong>Ce sunt cookie-urile?<\/strong><\/p>\n<p>Termenul de cookie este folosit pentru a denumi un fi\u0219ier de mici dimensiuni, format din litere \u0219i cifre, stocat pe computerul, terminalul mobil sau pe alt echipament ale unul utilizator de pe care se acceseaz\u0103 internetul. Fi\u0219ierele cookie sunt instalate \u00een urma solicit\u0103rii ini\u021biate de c\u0103tre un server web c\u0103tre un browser(ex: Firefox, Internet Explorer, Chrome, Opera, Safari) \u0219i este complet \u201cpasiv\u201d \u2013 \u00een sensul c\u0103 nu con\u021bine programe software, viru\u0219i sau spyware \u0219i nu poate accesa informa\u021bii de pe hard-diskul utilizatorului. Din punct de vedere tehnic, un fi\u0219ier cookie are 2 componente (denumire \u0219i con\u021binut), are o durat\u0103 de via\u021b\u0103 determinat\u0103 (expir\u0103 dup\u0103 o anumit\u0103 perioad\u0103) \u0219i poate fi accesat doar de c\u0103tre serverul web ce a ini\u021biat instalarea sa.<\/p>\n<p>&nbsp;<\/p>\n<p><strong>Pentru ce sunt folosite cookie-urile?<\/strong><\/p>\n<p>Fi\u0219ierele de tip cookie sunt folosite pentru a oferi utilizatorilor acestui site web o experien\u021b\u0103 de navigare c\u00e2t mai bun\u0103. De exemplu pot fi folosite pentru:<\/p>\n<ul>\n<li>recunoa\u0219terea terminalului folosit facilit\u00e2nd prezentarea con\u021binutului \u00eentr-un mod relevant \u0219i adaptat la caracteristicile terminalului folosit<\/li>\n<li>preg\u0103tirea unor statistici anonime agregate care ne ajut\u0103 s\u0103 \u00een\u021belegem cum un utilizator beneficiaz\u0103 de paginile noastre web, permi\u021b\u00e2ndu-ne \u00eembun\u0103t\u0103\u021birea structurii \u0219i con\u021binutului acestora, f\u0103r\u0103 a identifica utilizatorul<\/li>\n<li>limba \u00een care este vizualizat\u0103 pagina web<\/li>\n<li>moneda \u00een care sunt exprimate anumite pre\u021buri sau tarife<\/li>\n<li>facilitarea accesului \u00een cont al utilizatorilor<\/li>\n<li>postarea de comentarii \u0219i mesaje pe site<\/li>\n<\/ul>\n<p>&nbsp;<\/p>\n<p><strong>Ce fel de cookie-uri folosim?<\/strong><\/p>\n<p>Folosim dou\u0103 tipuri de cookie-uri:<\/p>\n<ul>\n<li><strong>sesiune<\/strong>\u00a0\u2013 active pe durata unei sesiuni de navigare (sunt \u0219terse la terminarea sesiunii sau la \u00eenchiderea browser-ului)<\/li>\n<li><strong>persistente<\/strong>\u00a0\u2013 active pe o perioad\u0103 mai mare de timp (r\u0103m\u00e2n pe terminal o perioada ce este stabilit\u0103 prin anumi\u021bi parametri sau p\u00e2n\u0103 c\u00e2nd sunt \u0219terse explicit de utilizator)<\/li>\n<\/ul>\n<p>&nbsp;<\/p>\n<p><strong>Ce sunt cookie-urile plasate de ter\u021bi?<\/strong><\/p>\n<p>Anumite sec\u021biuni de con\u021binut de pe site pot fi furnizate prin intermediul unor ter\u021bi, adic\u0103 nu de c\u0103tre administratorii siteului, caz \u00een care aceste cookie-uri sunt denumite cookie-uri plasate de ter\u021bi (\u201ethird party cookies\u201d). Ter\u021bii furnizori ai cookie-urilor respect\u0103, de asemenea, regulile \u00een materie de protec\u021bie a datelor.<\/p>\n<p>Aceste cookie-uri pot proveni de la urmatorii ter\u021bi:<\/p>\n<ul>\n<li>Google Analytics<\/li>\n<li>Facebook<\/li>\n<li>alte site-uri specificate \u00een politica de confiden\u021bialitate<\/li>\n<\/ul>\n<p>&nbsp;<\/p>\n<p><strong>Cum sunt folosite cookie-urile de c\u0103tre acest site?<\/strong><\/p>\n<p>Prin utilizarea\/vizitarea acestui site pot fi plasate urm\u0103toarele cookie-uri:<\/p>\n<ul>\n<li>Cookie-uri pentru evaluarea performan\u021bei site-ului<\/li>\n<li>Cookie-uri de analiz\u0103 a utilizatorilor<\/li>\n<li>Cookie-uri pentru geotargeting<\/li>\n<li>Cookie-uri de \u00eenregistrare<\/li>\n<li>Cookie-uri ale furnizorilor de publicitate<\/li>\n<\/ul>\n<p><strong>\u00a0<\/strong><\/p>\n<p><strong>Pot con\u021bine date personale?<\/strong><\/p>\n<p>Cookie-urile \u00een sine nu solicit\u0103 informa\u021bii cu caracter personal pentru a putea fi utilizate \u0219i \u00een cele mai multe cazuri, nu identific\u0103 personal utilizatorii de internet. Datele colectate prin utilizarea cookie-urilor sunt folosite doar pentru a facilita anumite func\u021bionalit\u0103\u021bi pentru utilizator. Implicit, datele ce sunt stocate \u00een fi\u0219iere cookie sunt criptate \u00eentr-un mod care face imposibil accesul persoanelor neautorizate la informa\u021bii.<\/p>\n<p>&nbsp;<\/p>\n<p><strong>Cum pot fi dezactivate cookie-urile?<\/strong><\/p>\n<p>Este posibil\u0103 modificarea set\u0103rilor \u00een browser pentru ca aceste cookie-uri s\u0103 nu mai fie acceptate sau s\u0103 fie acceptate doar cookie-uri de la un site anume. Aceste set\u0103ri se g\u0103sesc de regul\u0103 \u00een \u201cop\u021biuni\u201d sau \u00een meniul de \u201cpreferin\u021be\u201d al browserului t\u0103u. Toate browserele moderne ofer\u0103 posibilitatea de a schimba set\u0103rile cookie-urilor.\u00a0Totu\u0219i, refuzarea sau dezactivarea cookie-urilor nu \u00eenseamn\u0103 c\u0103 nu ve\u021bi mai primi publicitate online \u2013 ci doar ca aceasta nu va fi adaptat\u0103 preferin\u021belor \u0219i interesele dumneavoastr\u0103, eviden\u021biate prin comportamentul de navigare.<\/p>\n<p>Produc\u0103torii de browsere asigur\u0103 pagini de asisten\u021b\u0103 privind gestionarea modulelor cookie \u00een produsele lor. Pentru mai multe informa\u021bii, accesati linkurile de mai jos:<\/p>\n<ul>\n<li><strong><u><a href=\"https:\/\/support.google.com\/chrome\/answer\/95647?hl=en\">Google Chrome<\/a><\/u><\/strong><\/li>\n<li><strong><u><a href=\"https:\/\/support.microsoft.com\/en-us\/kb\/260971\">Internet Explorer<\/a><\/u><\/strong><\/li>\n<li><strong><u><a href=\"https:\/\/support.mozilla.org\/en-US\/kb\/cookies-information-websites-store-on-your-computer\">Mozilla Firefox<\/a><\/u><\/strong><\/li>\n<li><strong><u><a href=\"https:\/\/support.apple.com\/kb\/PH5042?locale=en_US\">Safari (Desktop)<\/a><\/u><\/strong><\/li>\n<li><strong><u><a href=\"https:\/\/support.apple.com\/en-us\/HT201265\">Safari (Mobile)<\/a><\/u><\/strong><\/li>\n<li><strong><u><a href=\"http:\/\/support.google.com\/ics\/nexus\/bin\/answer.py?hl=en&amp;answer=2425067\">Browser Android<\/a><\/u><\/strong><\/li>\n<li><strong><u><a href=\"http:\/\/www.opera.com\/help\">Opera<\/a><\/u><\/strong><\/li>\n<li><strong><u><a href=\"http:\/\/www.opera.com\/help\/mobile\/android#privacy\">Opera Mobile<\/a><\/u><\/strong><\/li>\n<\/ul>\n<p>Pentru alte browsere, v\u0103 rug\u0103m s\u0103 consulta\u021bi documenta\u021bia furnizat\u0103 de produc\u0103torul browserului.<\/p>\n","protected":false},"excerpt":{"rendered":"<p>Prezenta politic\u0103 privind fi\u0219ierele de tip cookies se aplic\u0103 tuturor utilizatorilor site-ului\u00a0spacer-tech.com, site operat de Spacer Tech si Ovidiu Stanescu, av\u00e2nd N.I.E: Y9976766R, \u00eenregistrat\u0103 la Registrul Comer\u021bului sub num\u0103rul de afiliere Y9976766R \u0219i av\u00e2nd sediul \u00een strada Carrer Barranc de Palomes nr.48, apt. 35, Cullera, cod postal 46400. Informa\u021biile prezentate mai jos au ca scop [&hellip;]<\/p>\n","protected":false},"author":1,"featured_media":0,"parent":0,"menu_order":0,"comment_status":"closed","ping_status":"closed","template":"","meta":{"footnotes":""},"class_list":["post-1789","page","type-page","status-publish","hentry"],"yoast_head":"<!-- This site is optimized with the Yoast SEO plugin v23.3 - https:\/\/yoast.com\/wordpress\/plugins\/seo\/ -->\n<title>Politica privind fisierele cookies - Spacer Espa\u00f1a<\/title>\n<meta name=\"robots\" content=\"index, follow, max-snippet:-1, max-image-preview:large, max-video-preview:-1\" \/>\n<link rel=\"canonical\" href=\"https:\/\/spacer-tech.com\/en\/politica-cookies\/\" \/>\n<meta property=\"og:locale\" content=\"en_US\" \/>\n<meta property=\"og:type\" content=\"article\" \/>\n<meta property=\"og:title\" content=\"Politica privind fisierele cookies - Spacer Espa\u00f1a\" \/>\n<meta property=\"og:description\" content=\"Prezenta politic\u0103 privind fi\u0219ierele de tip cookies se aplic\u0103 tuturor utilizatorilor site-ului\u00a0spacer-tech.com, site operat de Spacer Tech si Ovidiu Stanescu, av\u00e2nd N.I.E: Y9976766R, \u00eenregistrat\u0103 la Registrul Comer\u021bului sub num\u0103rul de afiliere Y9976766R \u0219i av\u00e2nd sediul \u00een strada Carrer Barranc de Palomes nr.48, apt. 35, Cullera, cod postal 46400. Informa\u021biile prezentate mai jos au ca scop [&hellip;]\" \/>\n<meta property=\"og:url\" content=\"https:\/\/spacer-tech.com\/en\/politica-cookies\/\" \/>\n<meta property=\"og:site_name\" content=\"Spacer Espa\u00f1a\" \/>\n<meta property=\"article:publisher\" content=\"https:\/\/www.facebook.com\/SpacerROMANIA\/\" \/>\n<meta property=\"article:modified_time\" content=\"2024-08-17T13:33:14+00:00\" \/>\n<meta name=\"twitter:card\" content=\"summary_large_image\" \/>\n<meta name=\"twitter:label1\" content=\"Est. reading time\" \/>\n\t<meta name=\"twitter:data1\" content=\"3 minutes\" \/>\n<script type=\"application\/ld+json\" class=\"yoast-schema-graph\">{\"@context\":\"https:\/\/schema.org\",\"@graph\":[{\"@type\":\"WebPage\",\"@id\":\"https:\/\/spacer-tech.com\/en\/politica-cookies\/\",\"url\":\"https:\/\/spacer-tech.com\/en\/politica-cookies\/\",\"name\":\"Politica privind fisierele cookies - Spacer Espa\u00f1a\",\"isPartOf\":{\"@id\":\"https:\/\/spacer-tech.com\/en\/#website\"},\"datePublished\":\"2021-10-07T10:06:41+00:00\",\"dateModified\":\"2024-08-17T13:33:14+00:00\",\"breadcrumb\":{\"@id\":\"https:\/\/spacer-tech.com\/en\/politica-cookies\/#breadcrumb\"},\"inLanguage\":\"en-US\",\"potentialAction\":[{\"@type\":\"ReadAction\",\"target\":[\"https:\/\/spacer-tech.com\/en\/politica-cookies\/\"]}]},{\"@type\":\"BreadcrumbList\",\"@id\":\"https:\/\/spacer-tech.com\/en\/politica-cookies\/#breadcrumb\",\"itemListElement\":[{\"@type\":\"ListItem\",\"position\":1,\"name\":\"Prima pagin\u0103\",\"item\":\"https:\/\/spacer-tech.com\/en\/\"},{\"@type\":\"ListItem\",\"position\":2,\"name\":\"Politica privind fisierele cookies\"}]},{\"@type\":\"WebSite\",\"@id\":\"https:\/\/spacer-tech.com\/en\/#website\",\"url\":\"https:\/\/spacer-tech.com\/en\/\",\"name\":\"Spacer Espa\u00f1a\",\"description\":\"IT comes home\",\"publisher\":{\"@id\":\"https:\/\/spacer-tech.com\/en\/#organization\"},\"potentialAction\":[{\"@type\":\"SearchAction\",\"target\":{\"@type\":\"EntryPoint\",\"urlTemplate\":\"https:\/\/spacer-tech.com\/en\/?s={search_term_string}\"},\"query-input\":\"required name=search_term_string\"}],\"inLanguage\":\"en-US\"},{\"@type\":\"Organization\",\"@id\":\"https:\/\/spacer-tech.com\/en\/#organization\",\"name\":\"Spacer.ro\",\"url\":\"https:\/\/spacer-tech.com\/en\/\",\"logo\":{\"@type\":\"ImageObject\",\"inLanguage\":\"en-US\",\"@id\":\"https:\/\/spacer-tech.com\/en\/#\/schema\/logo\/image\/\",\"url\":\"https:\/\/www.spacer.ro\/wp-content\/uploads\/2023\/04\/logo-spacer.png\",\"contentUrl\":\"https:\/\/www.spacer.ro\/wp-content\/uploads\/2023\/04\/logo-spacer.png\",\"width\":2160,\"height\":2160,\"caption\":\"Spacer.ro\"},\"image\":{\"@id\":\"https:\/\/spacer-tech.com\/en\/#\/schema\/logo\/image\/\"},\"sameAs\":[\"https:\/\/www.facebook.com\/SpacerROMANIA\/\",\"https:\/\/www.youtube.com\/channel\/UCk0PtBvlhpCLauLWuD6u81Q\"]}]}<\/script>\n<!-- \/ Yoast SEO plugin. -->","yoast_head_json":{"title":"Politica privind fisierele cookies - Spacer Espa\u00f1a","robots":{"index":"index","follow":"follow","max-snippet":"max-snippet:-1","max-image-preview":"max-image-preview:large","max-video-preview":"max-video-preview:-1"},"canonical":"https:\/\/spacer-tech.com\/en\/politica-cookies\/","og_locale":"en_US","og_type":"article","og_title":"Politica privind fisierele cookies - Spacer Espa\u00f1a","og_description":"Prezenta politic\u0103 privind fi\u0219ierele de tip cookies se aplic\u0103 tuturor utilizatorilor site-ului\u00a0spacer-tech.com, site operat de Spacer Tech si Ovidiu Stanescu, av\u00e2nd N.I.E: Y9976766R, \u00eenregistrat\u0103 la Registrul Comer\u021bului sub num\u0103rul de afiliere Y9976766R \u0219i av\u00e2nd sediul \u00een strada Carrer Barranc de Palomes nr.48, apt. 35, Cullera, cod postal 46400. Informa\u021biile prezentate mai jos au ca scop [&hellip;]","og_url":"https:\/\/spacer-tech.com\/en\/politica-cookies\/","og_site_name":"Spacer Espa\u00f1a","article_publisher":"https:\/\/www.facebook.com\/SpacerROMANIA\/","article_modified_time":"2024-08-17T13:33:14+00:00","twitter_card":"summary_large_image","twitter_misc":{"Est. reading time":"3 minutes"},"schema":{"@context":"https:\/\/schema.org","@graph":[{"@type":"WebPage","@id":"https:\/\/spacer-tech.com\/en\/politica-cookies\/","url":"https:\/\/spacer-tech.com\/en\/politica-cookies\/","name":"Politica privind fisierele cookies - Spacer Espa\u00f1a","isPartOf":{"@id":"https:\/\/spacer-tech.com\/en\/#website"},"datePublished":"2021-10-07T10:06:41+00:00","dateModified":"2024-08-17T13:33:14+00:00","breadcrumb":{"@id":"https:\/\/spacer-tech.com\/en\/politica-cookies\/#breadcrumb"},"inLanguage":"en-US","potentialAction":[{"@type":"ReadAction","target":["https:\/\/spacer-tech.com\/en\/politica-cookies\/"]}]},{"@type":"BreadcrumbList","@id":"https:\/\/spacer-tech.com\/en\/politica-cookies\/#breadcrumb","itemListElement":[{"@type":"ListItem","position":1,"name":"Prima pagin\u0103","item":"https:\/\/spacer-tech.com\/en\/"},{"@type":"ListItem","position":2,"name":"Politica privind fisierele cookies"}]},{"@type":"WebSite","@id":"https:\/\/spacer-tech.com\/en\/#website","url":"https:\/\/spacer-tech.com\/en\/","name":"Spacer Espa\u00f1a","description":"IT comes home","publisher":{"@id":"https:\/\/spacer-tech.com\/en\/#organization"},"potentialAction":[{"@type":"SearchAction","target":{"@type":"EntryPoint","urlTemplate":"https:\/\/spacer-tech.com\/en\/?s={search_term_string}"},"query-input":"required name=search_term_string"}],"inLanguage":"en-US"},{"@type":"Organization","@id":"https:\/\/spacer-tech.com\/en\/#organization","name":"Spacer.ro","url":"https:\/\/spacer-tech.com\/en\/","logo":{"@type":"ImageObject","inLanguage":"en-US","@id":"https:\/\/spacer-tech.com\/en\/#\/schema\/logo\/image\/","url":"https:\/\/www.spacer.ro\/wp-content\/uploads\/2023\/04\/logo-spacer.png","contentUrl":"https:\/\/www.spacer.ro\/wp-content\/uploads\/2023\/04\/logo-spacer.png","width":2160,"height":2160,"caption":"Spacer.ro"},"image":{"@id":"https:\/\/spacer-tech.com\/en\/#\/schema\/logo\/image\/"},"sameAs":["https:\/\/www.facebook.com\/SpacerROMANIA\/","https:\/\/www.youtube.com\/channel\/UCk0PtBvlhpCLauLWuD6u81Q"]}]}},"_links":{"self":[{"href":"https:\/\/spacer-tech.com\/en\/wp-json\/wp\/v2\/pages\/1789","targetHints":{"allow":["GET"]}}],"collection":[{"href":"https:\/\/spacer-tech.com\/en\/wp-json\/wp\/v2\/pages"}],"about":[{"href":"https:\/\/spacer-tech.com\/en\/wp-json\/wp\/v2\/types\/page"}],"author":[{"embeddable":true,"href":"https:\/\/spacer-tech.com\/en\/wp-json\/wp\/v2\/users\/1"}],"replies":[{"embeddable":true,"href":"https:\/\/spacer-tech.com\/en\/wp-json\/wp\/v2\/comments?post=1789"}],"version-history":[{"count":4,"href":"https:\/\/spacer-tech.com\/en\/wp-json\/wp\/v2\/pages\/1789\/revisions"}],"predecessor-version":[{"id":7103,"href":"https:\/\/spacer-tech.com\/en\/wp-json\/wp\/v2\/pages\/1789\/revisions\/7103"}],"wp:attachment":[{"href":"https:\/\/spacer-tech.com\/en\/wp-json\/wp\/v2\/media?parent=1789"}],"curies":[{"name":"wp","href":"https:\/\/api.w.org\/{rel}","templated":true}]}}