{"id":1759,"date":"2021-10-07T05:05:17","date_gmt":"2021-10-07T05:05:17","guid":{"rendered":"https:\/\/www.spacer.ro\/?page_id=1759"},"modified":"2024-01-12T06:41:24","modified_gmt":"2024-01-12T06:41:24","slug":"despre-noi","status":"publish","type":"page","link":"https:\/\/spacer-tech.com\/en\/despre-noi\/","title":{"rendered":"Despre noi"},"content":{"rendered":"<p><script src=\"https:\/\/cdn.lordicon.com\/bhenfmcm.js\"><\/script><\/p>\n<div class=\"relief\">\n<h2 class=\"aboutUs\">Noi suntem Spacer \u0219i ne bucur\u0103m s\u0103 te putem ajuta! <lord-icon src=\"https:\/\/cdn.lordicon.com\/msetysan.json\" trigger=\"loop\" colors=\"primary:#333\" state=\"loop\" style=\"width:30px;height:30px\"><\/lord-icon><\/h2>\n<p class=\"aboutP\">\n<p class=\"aboutP\">Misiunea noastr\u0103 de a crea un confort tehnologic prin echipamentele electronice \u0219i IT livrate \u00een fiecare cas\u0103 a \u00eenceput \u00een anul 2012, iar de atunci portofoliul nostru s-a dezvoltat continuu, ajung\u00e2nd s\u0103 acopere o gam\u0103 larg\u0103 de produse: periferice PC, scaune pentru gaming, accesorii laptop \u0219i smartphone, solu\u021bii de stocare, cabluri, etc.<\/p>\n<p class=\"aboutP\">\nAm pornit \u00een aceast\u0103 \u201ec\u0103l\u0103torie spa\u021bial\u0103\u201d cu g\u00e2ndul de a-\u021bi oferi solu\u021bii IT pentru toate nevoile tale, pre\u021buri excelente pentru produse de calitate \u0219i mai ales pentru a ne bucura \u00eempreun\u0103 de inova\u021bie, chiar acas\u0103.<\/p>\n<p class=\"aboutP\">\n\u0218i pentru c\u0103 experien\u021ba de peste 10 ani de activitate, ne ofer\u0103 avantajul de a fi dinamici \u0219i adapta\u021bi la cerin\u021bele tale, nu ne r\u0103m\u00e2ne dec\u00e2t s\u0103 ne punem centurile \u0219i s\u0103 ne bucur\u0103m \u00eempreun\u0103 de viitor.<\/p>\n<div class=\"wrapper four\">\n<div class=\"type\">\n<h3 class=\"typing\">Spacer \u2013 IT comes home!<\/h3>\n<\/div>\n<\/div>\n<\/div>\n","protected":false},"excerpt":{"rendered":"<p>Noi suntem Spacer \u0219i ne bucur\u0103m s\u0103 te putem ajuta! Misiunea noastr\u0103 de a crea un confort tehnologic prin echipamentele electronice \u0219i IT livrate \u00een fiecare cas\u0103 a \u00eenceput \u00een anul 2012, iar de atunci portofoliul nostru s-a dezvoltat continuu, ajung\u00e2nd s\u0103 acopere o gam\u0103 larg\u0103 de produse: periferice PC, scaune pentru gaming, accesorii laptop [&hellip;]<\/p>\n","protected":false},"author":1,"featured_media":0,"parent":0,"menu_order":0,"comment_status":"closed","ping_status":"closed","template":"","meta":{"footnotes":""},"class_list":["post-1759","page","type-page","status-publish","hentry"],"yoast_head":"<!-- This site is optimized with the Yoast SEO plugin v23.3 - https:\/\/yoast.com\/wordpress\/plugins\/seo\/ -->\n<title>Despre noi - Spacer Espa\u00f1a<\/title>\n<meta name=\"robots\" content=\"index, follow, max-snippet:-1, max-image-preview:large, max-video-preview:-1\" \/>\n<link rel=\"canonical\" href=\"https:\/\/spacer-tech.com\/en\/despre-noi\/\" \/>\n<meta property=\"og:locale\" content=\"en_US\" \/>\n<meta property=\"og:type\" content=\"article\" \/>\n<meta property=\"og:title\" content=\"Despre noi - Spacer Espa\u00f1a\" \/>\n<meta property=\"og:description\" content=\"Noi suntem Spacer \u0219i ne bucur\u0103m s\u0103 te putem ajuta! Misiunea noastr\u0103 de a crea un confort tehnologic prin echipamentele electronice \u0219i IT livrate \u00een fiecare cas\u0103 a \u00eenceput \u00een anul 2012, iar de atunci portofoliul nostru s-a dezvoltat continuu, ajung\u00e2nd s\u0103 acopere o gam\u0103 larg\u0103 de produse: periferice PC, scaune pentru gaming, accesorii laptop [&hellip;]\" \/>\n<meta property=\"og:url\" content=\"https:\/\/spacer-tech.com\/en\/despre-noi\/\" \/>\n<meta property=\"og:site_name\" content=\"Spacer Espa\u00f1a\" \/>\n<meta property=\"article:publisher\" content=\"https:\/\/www.facebook.com\/SpacerROMANIA\/\" \/>\n<meta property=\"article:modified_time\" content=\"2024-01-12T06:41:24+00:00\" \/>\n<meta name=\"twitter:card\" content=\"summary_large_image\" \/>\n<meta name=\"twitter:label1\" content=\"Est. reading time\" \/>\n\t<meta name=\"twitter:data1\" content=\"1 minute\" \/>\n<script type=\"application\/ld+json\" class=\"yoast-schema-graph\">{\"@context\":\"https:\/\/schema.org\",\"@graph\":[{\"@type\":\"WebPage\",\"@id\":\"https:\/\/spacer-tech.com\/en\/despre-noi\/\",\"url\":\"https:\/\/spacer-tech.com\/en\/despre-noi\/\",\"name\":\"Despre noi - Spacer Espa\u00f1a\",\"isPartOf\":{\"@id\":\"https:\/\/spacer-tech.com\/en\/#website\"},\"datePublished\":\"2021-10-07T05:05:17+00:00\",\"dateModified\":\"2024-01-12T06:41:24+00:00\",\"breadcrumb\":{\"@id\":\"https:\/\/spacer-tech.com\/en\/despre-noi\/#breadcrumb\"},\"inLanguage\":\"en-US\",\"potentialAction\":[{\"@type\":\"ReadAction\",\"target\":[\"https:\/\/spacer-tech.com\/en\/despre-noi\/\"]}]},{\"@type\":\"BreadcrumbList\",\"@id\":\"https:\/\/spacer-tech.com\/en\/despre-noi\/#breadcrumb\",\"itemListElement\":[{\"@type\":\"ListItem\",\"position\":1,\"name\":\"Prima pagin\u0103\",\"item\":\"https:\/\/spacer-tech.com\/en\/\"},{\"@type\":\"ListItem\",\"position\":2,\"name\":\"Despre noi\"}]},{\"@type\":\"WebSite\",\"@id\":\"https:\/\/spacer-tech.com\/en\/#website\",\"url\":\"https:\/\/spacer-tech.com\/en\/\",\"name\":\"Spacer Espa\u00f1a\",\"description\":\"IT comes home\",\"publisher\":{\"@id\":\"https:\/\/spacer-tech.com\/en\/#organization\"},\"potentialAction\":[{\"@type\":\"SearchAction\",\"target\":{\"@type\":\"EntryPoint\",\"urlTemplate\":\"https:\/\/spacer-tech.com\/en\/?s={search_term_string}\"},\"query-input\":\"required name=search_term_string\"}],\"inLanguage\":\"en-US\"},{\"@type\":\"Organization\",\"@id\":\"https:\/\/spacer-tech.com\/en\/#organization\",\"name\":\"Spacer.ro\",\"url\":\"https:\/\/spacer-tech.com\/en\/\",\"logo\":{\"@type\":\"ImageObject\",\"inLanguage\":\"en-US\",\"@id\":\"https:\/\/spacer-tech.com\/en\/#\/schema\/logo\/image\/\",\"url\":\"https:\/\/www.spacer.ro\/wp-content\/uploads\/2023\/04\/logo-spacer.png\",\"contentUrl\":\"https:\/\/www.spacer.ro\/wp-content\/uploads\/2023\/04\/logo-spacer.png\",\"width\":2160,\"height\":2160,\"caption\":\"Spacer.ro\"},\"image\":{\"@id\":\"https:\/\/spacer-tech.com\/en\/#\/schema\/logo\/image\/\"},\"sameAs\":[\"https:\/\/www.facebook.com\/SpacerROMANIA\/\",\"https:\/\/www.youtube.com\/channel\/UCk0PtBvlhpCLauLWuD6u81Q\"]}]}<\/script>\n<!-- \/ Yoast SEO plugin. -->","yoast_head_json":{"title":"Despre noi - Spacer Espa\u00f1a","robots":{"index":"index","follow":"follow","max-snippet":"max-snippet:-1","max-image-preview":"max-image-preview:large","max-video-preview":"max-video-preview:-1"},"canonical":"https:\/\/spacer-tech.com\/en\/despre-noi\/","og_locale":"en_US","og_type":"article","og_title":"Despre noi - Spacer Espa\u00f1a","og_description":"Noi suntem Spacer \u0219i ne bucur\u0103m s\u0103 te putem ajuta! Misiunea noastr\u0103 de a crea un confort tehnologic prin echipamentele electronice \u0219i IT livrate \u00een fiecare cas\u0103 a \u00eenceput \u00een anul 2012, iar de atunci portofoliul nostru s-a dezvoltat continuu, ajung\u00e2nd s\u0103 acopere o gam\u0103 larg\u0103 de produse: periferice PC, scaune pentru gaming, accesorii laptop [&hellip;]","og_url":"https:\/\/spacer-tech.com\/en\/despre-noi\/","og_site_name":"Spacer Espa\u00f1a","article_publisher":"https:\/\/www.facebook.com\/SpacerROMANIA\/","article_modified_time":"2024-01-12T06:41:24+00:00","twitter_card":"summary_large_image","twitter_misc":{"Est. reading time":"1 minute"},"schema":{"@context":"https:\/\/schema.org","@graph":[{"@type":"WebPage","@id":"https:\/\/spacer-tech.com\/en\/despre-noi\/","url":"https:\/\/spacer-tech.com\/en\/despre-noi\/","name":"Despre noi - Spacer Espa\u00f1a","isPartOf":{"@id":"https:\/\/spacer-tech.com\/en\/#website"},"datePublished":"2021-10-07T05:05:17+00:00","dateModified":"2024-01-12T06:41:24+00:00","breadcrumb":{"@id":"https:\/\/spacer-tech.com\/en\/despre-noi\/#breadcrumb"},"inLanguage":"en-US","potentialAction":[{"@type":"ReadAction","target":["https:\/\/spacer-tech.com\/en\/despre-noi\/"]}]},{"@type":"BreadcrumbList","@id":"https:\/\/spacer-tech.com\/en\/despre-noi\/#breadcrumb","itemListElement":[{"@type":"ListItem","position":1,"name":"Prima pagin\u0103","item":"https:\/\/spacer-tech.com\/en\/"},{"@type":"ListItem","position":2,"name":"Despre noi"}]},{"@type":"WebSite","@id":"https:\/\/spacer-tech.com\/en\/#website","url":"https:\/\/spacer-tech.com\/en\/","name":"Spacer Espa\u00f1a","description":"IT comes home","publisher":{"@id":"https:\/\/spacer-tech.com\/en\/#organization"},"potentialAction":[{"@type":"SearchAction","target":{"@type":"EntryPoint","urlTemplate":"https:\/\/spacer-tech.com\/en\/?s={search_term_string}"},"query-input":"required name=search_term_string"}],"inLanguage":"en-US"},{"@type":"Organization","@id":"https:\/\/spacer-tech.com\/en\/#organization","name":"Spacer.ro","url":"https:\/\/spacer-tech.com\/en\/","logo":{"@type":"ImageObject","inLanguage":"en-US","@id":"https:\/\/spacer-tech.com\/en\/#\/schema\/logo\/image\/","url":"https:\/\/www.spacer.ro\/wp-content\/uploads\/2023\/04\/logo-spacer.png","contentUrl":"https:\/\/www.spacer.ro\/wp-content\/uploads\/2023\/04\/logo-spacer.png","width":2160,"height":2160,"caption":"Spacer.ro"},"image":{"@id":"https:\/\/spacer-tech.com\/en\/#\/schema\/logo\/image\/"},"sameAs":["https:\/\/www.facebook.com\/SpacerROMANIA\/","https:\/\/www.youtube.com\/channel\/UCk0PtBvlhpCLauLWuD6u81Q"]}]}},"_links":{"self":[{"href":"https:\/\/spacer-tech.com\/en\/wp-json\/wp\/v2\/pages\/1759","targetHints":{"allow":["GET"]}}],"collection":[{"href":"https:\/\/spacer-tech.com\/en\/wp-json\/wp\/v2\/pages"}],"about":[{"href":"https:\/\/spacer-tech.com\/en\/wp-json\/wp\/v2\/types\/page"}],"author":[{"embeddable":true,"href":"https:\/\/spacer-tech.com\/en\/wp-json\/wp\/v2\/users\/1"}],"replies":[{"embeddable":true,"href":"https:\/\/spacer-tech.com\/en\/wp-json\/wp\/v2\/comments?post=1759"}],"version-history":[{"count":61,"href":"https:\/\/spacer-tech.com\/en\/wp-json\/wp\/v2\/pages\/1759\/revisions"}],"predecessor-version":[{"id":7011,"href":"https:\/\/spacer-tech.com\/en\/wp-json\/wp\/v2\/pages\/1759\/revisions\/7011"}],"wp:attachment":[{"href":"https:\/\/spacer-tech.com\/en\/wp-json\/wp\/v2\/media?parent=1759"}],"curies":[{"name":"wp","href":"https:\/\/api.w.org\/{rel}","templated":true}]}}